{"id":2196,"date":"2023-08-01T13:09:38","date_gmt":"2023-08-01T13:09:38","guid":{"rendered":"https:\/\/avcw.org\/%d8%a7%d9%84%d8%b1%d8%a6%d9%8a%d8%b3%d9%8a%d8%a9\/"},"modified":"2024-03-05T17:58:55","modified_gmt":"2024-03-05T17:58:55","slug":"%d8%a7%d9%84%d8%b1%d8%a6%d9%8a%d8%b3%d9%8a%d8%a9","status":"publish","type":"page","link":"https:\/\/avcw.org\/fr\/","title":{"rendered":"Accueil"},"content":{"rendered":"\t\t<div data-elementor-type=\"wp-page\" data-elementor-id=\"2196\" class=\"elementor elementor-2196 elementor-24\" data-elementor-post-type=\"page\">\n\t\t\t\t<div class=\"elementor-element elementor-element-4f492e4 e-flex e-con-boxed e-con e-parent\" data-id=\"4f492e4\" data-element_type=\"container\" data-e-type=\"container\">\n\t\t\t\t\t<div class=\"e-con-inner\">\n\t\t<div class=\"elementor-element elementor-element-21112d9 e-flex e-con-boxed e-con e-child\" data-id=\"21112d9\" data-element_type=\"container\" data-e-type=\"container\">\n\t\t\t\t\t<div class=\"e-con-inner\">\n\t\t\t\t<div class=\"elementor-element elementor-element-46da933 elementor-blockquote--skin-quotation elementor-blockquote--align-left elementor-widget elementor-widget-blockquote\" data-id=\"46da933\" data-element_type=\"widget\" data-e-type=\"widget\" data-widget_type=\"blockquote.default\">\n\t\t\t\t<div class=\"elementor-widget-container\">\n\t\t\t\t\t\t\t<blockquote class=\"elementor-blockquote\">\n\t\t\t<p class=\"elementor-blockquote__content\">\n\t\t\t\tLe monde a travers\u00e9 des milliers de guerres et de conflits. Les s\u00e9quelles de la plupart d'entre elles ont disparu, tandis que certaines laissent encore une empreinte dans la m\u00e9moire de millions de personnes. Pour ceux qui ont oubli\u00e9, la m\u00e9moire des atrocit\u00e9s du r\u00e9gime criminel d'Assad a \u00e9t\u00e9 raviv\u00e9e lorsqu'il a r\u00e9p\u00e9t\u00e9 le drame du pass\u00e9 en utilisant des armes chimiques contre son propre peuple. Alors que la Premi\u00e8re Guerre mondiale a \u00e9t\u00e9 le premier th\u00e9\u00e2tre des crimes chimiques, Bachar el-Assad a fait de cette brutalit\u00e9 le symbole du d\u00e9but du nouveau si\u00e8cle.  \n  \n \t\t\t<\/p>\n\t\t\t\t\t<\/blockquote>\n\t\t\t\t\t\t<\/div>\n\t\t\t\t<\/div>\n\t\t\t\t\t<\/div>\n\t\t\t\t<\/div>\n\t\t\t\t<div class=\"elementor-element elementor-element-685bcbe elementor-widget elementor-widget-video\" data-id=\"685bcbe\" data-element_type=\"widget\" data-e-type=\"widget\" data-settings=\"{&quot;youtube_url&quot;:&quot;https:\\\/\\\/youtu.be\\\/wYU5ntGPPZQ&quot;,&quot;loop&quot;:&quot;yes&quot;,&quot;video_type&quot;:&quot;youtube&quot;,&quot;controls&quot;:&quot;yes&quot;}\" data-widget_type=\"video.default\">\n\t\t\t\t<div class=\"elementor-widget-container\">\n\t\t\t\t\t\t\t<div class=\"elementor-wrapper elementor-open-inline\">\n\t\t\t<div class=\"elementor-video\"><\/div>\t\t<\/div>\n\t\t\t\t\t\t<\/div>\n\t\t\t\t<\/div>\n\t\t\t\t\t<\/div>\n\t\t\t\t<\/div>\n\t\t<div class=\"elementor-element elementor-element-065b500 e-flex e-con-boxed e-con e-parent\" data-id=\"065b500\" data-element_type=\"container\" data-e-type=\"container\">\n\t\t\t\t\t<div class=\"e-con-inner\">\n\t\t<div class=\"elementor-element elementor-element-3b682c1 e-con-full e-flex e-con e-child\" data-id=\"3b682c1\" data-element_type=\"container\" data-e-type=\"container\">\n\t\t\t\t<div class=\"elementor-element elementor-element-e5ab9d5 elementor-widget elementor-widget-heading\" data-id=\"e5ab9d5\" data-element_type=\"widget\" data-e-type=\"widget\" data-widget_type=\"heading.default\">\n\t\t\t\t<div class=\"elementor-widget-container\">\n\t\t\t\t\t<h1 class=\"elementor-heading-title elementor-size-default\">Justice <\/h1>\t\t\t\t<\/div>\n\t\t\t\t<\/div>\n\t\t\t\t<div class=\"elementor-element elementor-element-72dda15 elementor-widget-divider--view-line elementor-widget elementor-widget-divider\" data-id=\"72dda15\" data-element_type=\"widget\" data-e-type=\"widget\" data-widget_type=\"divider.default\">\n\t\t\t\t<div class=\"elementor-widget-container\">\n\t\t\t\t\t\t\t<div class=\"elementor-divider\">\n\t\t\t<span class=\"elementor-divider-separator\">\n\t\t\t\t\t\t<\/span>\n\t\t<\/div>\n\t\t\t\t\t\t<\/div>\n\t\t\t\t<\/div>\n\t\t\t\t<div class=\"elementor-element elementor-element-d527384 elementor-widget elementor-widget-text-editor\" data-id=\"d527384\" data-element_type=\"widget\" data-e-type=\"widget\" data-widget_type=\"text-editor.default\">\n\t\t\t\t<div class=\"elementor-widget-container\">\n\t\t\t\t\t\t\t\t\t<div dir=\"auto\">\n<p>Bien que les horreurs des guerres mondiales soient termin\u00e9es, la m\u00e9moire de leurs victimes reste vivante\u2026<br \/>Bachar el-Assad et son r\u00e9gime oppressif ravivent ces terreurs au sein de la population syrienne. <br \/><strong>Historiquement ! <\/strong><br \/>Les premi\u00e8res utilisations d&rsquo;armes chimiques remontent \u00e0 la Premi\u00e8re Guerre mondiale, mais Bachar el-Assad les a employ\u00e9es de nouveau contre le peuple syrien r\u00e9volutionnaire au d\u00e9but du nouveau mill\u00e9naire.<\/p>\n<\/div>\n\t\t\t\t\t\t\t\t<\/div>\n\t\t\t\t<\/div>\n\t\t\t\t<\/div>\n\t\t<div class=\"elementor-element elementor-element-9cdeda3 e-con-full e-flex e-con e-child\" data-id=\"9cdeda3\" data-element_type=\"container\" data-e-type=\"container\">\n\t\t\t\t<div class=\"elementor-element elementor-element-d202173 elementor-widget elementor-widget-image\" data-id=\"d202173\" data-element_type=\"widget\" data-e-type=\"widget\" data-widget_type=\"image.default\">\n\t\t\t\t<div class=\"elementor-widget-container\">\n\t\t\t\t\t\t\t\t\t\t\t\t\t\t\t<img fetchpriority=\"high\" decoding=\"async\" width=\"819\" height=\"1024\" src=\"https:\/\/avcw.org\/wp-content\/uploads\/2023\/08\/main-banner-img.jpeg\" class=\"attachment-full size-full wp-image-2201\" alt=\"\" srcset=\"\/\/avcw.org\/wp-content\/uploads\/2023\/08\/main-banner-img.jpeg 819w, \/\/avcw.org\/wp-content\/uploads\/2023\/08\/main-banner-img-240x300.jpeg 240w, \/\/avcw.org\/wp-content\/uploads\/2023\/08\/main-banner-img-768x960.jpeg 768w\" sizes=\"(max-width: 819px) 100vw, 819px\" \/>\t\t\t\t\t\t\t\t\t\t\t\t\t\t\t<\/div>\n\t\t\t\t<\/div>\n\t\t\t\t<\/div>\n\t\t\t\t\t<\/div>\n\t\t\t\t<\/div>\n\t\t<div class=\"elementor-element elementor-element-e507a5c e-flex e-con-boxed e-con e-parent\" data-id=\"e507a5c\" data-element_type=\"container\" data-e-type=\"container\">\n\t\t\t\t\t<div class=\"e-con-inner\">\n\t\t<div class=\"elementor-element elementor-element-23f0582 e-con-full e-flex e-con e-child\" data-id=\"23f0582\" data-element_type=\"container\" data-e-type=\"container\">\n\t\t\t\t<div class=\"elementor-element elementor-element-8e25a81 elementor-widget elementor-widget-heading\" data-id=\"8e25a81\" data-element_type=\"widget\" data-e-type=\"widget\" data-widget_type=\"heading.default\">\n\t\t\t\t<div class=\"elementor-widget-container\">\n\t\t\t\t\t<h1 class=\"elementor-heading-title elementor-size-default\">Anniversaire du massacre du Si\u00e8cle <\/h1>\t\t\t\t<\/div>\n\t\t\t\t<\/div>\n\t\t\t\t<div class=\"elementor-element elementor-element-90d369b elementor-widget-divider--view-line elementor-widget elementor-widget-divider\" data-id=\"90d369b\" data-element_type=\"widget\" data-e-type=\"widget\" data-widget_type=\"divider.default\">\n\t\t\t\t<div class=\"elementor-widget-container\">\n\t\t\t\t\t\t\t<div class=\"elementor-divider\">\n\t\t\t<span class=\"elementor-divider-separator\">\n\t\t\t\t\t\t<\/span>\n\t\t<\/div>\n\t\t\t\t\t\t<\/div>\n\t\t\t\t<\/div>\n\t\t\t\t<div class=\"elementor-element elementor-element-021c9a6 elementor-widget elementor-widget-text-editor\" data-id=\"021c9a6\" data-element_type=\"widget\" data-e-type=\"widget\" data-widget_type=\"text-editor.default\">\n\t\t\t\t<div class=\"elementor-widget-container\">\n\t\t\t\t\t\t\t\t\t<div dir=\"auto\"><p style=\"direction: ltr;\">\u00c0 l&rsquo;occasion du dixi\u00e8me anniversaire du Massacre du Si\u00e8cle, la trag\u00e9die chimique de Ghouta, en comm\u00e9moration des victimes, \u00e9veil des survivants et de la m\u00e9moire des t\u00e9moins, et en affirmant la demande de responsabilit\u00e9 et de pr\u00e9vention de l&rsquo;impunit\u00e9&#8230;<\/p><p style=\"direction: ltr;\">L&rsquo;Association des Victimes d&rsquo;Armes Chimiques (AVCW), en collaboration avec l&rsquo;Union des Conseils Locaux et la Campagne \u00ab\u00a0Nous Reviendrons\u00a0\u00bb, vous invite \u00e0 participer \u00e0 l&rsquo;\u00e9v\u00e9nement qui sera organis\u00e9 dans la ville d&rsquo;Azaz.<\/p><p style=\"direction: ltr;\">Participez \u00e9galement \u00e0 toutes les activit\u00e9s appelant \u00e0 la reddition de comptes des meurtriers et \u00e0 la comm\u00e9moration de la m\u00e9moire.<\/p><p style=\"direction: ltr;\">Tenez-vous en tant que d\u00e9fenseur de la v\u00e9rit\u00e9 et chercheur de justice, o\u00f9 que vous soyez.<\/p><\/div>\t\t\t\t\t\t\t\t<\/div>\n\t\t\t\t<\/div>\n\t\t\t\t<\/div>\n\t\t<div class=\"elementor-element elementor-element-67156fc e-con-full e-flex e-con e-child\" data-id=\"67156fc\" data-element_type=\"container\" data-e-type=\"container\">\n\t\t\t\t<div class=\"elementor-element elementor-element-6a86dc3 elementor-widget elementor-widget-image\" data-id=\"6a86dc3\" data-element_type=\"widget\" data-e-type=\"widget\" data-widget_type=\"image.default\">\n\t\t\t\t<div class=\"elementor-widget-container\">\n\t\t\t\t\t\t\t\t\t\t\t\t\t\t\t<img decoding=\"async\" width=\"1080\" height=\"1080\" src=\"https:\/\/avcw.org\/wp-content\/uploads\/2023\/08\/invitations_2023-1.webp\" class=\"attachment-full size-full wp-image-2200\" alt=\"\" srcset=\"\/\/avcw.org\/wp-content\/uploads\/2023\/08\/invitations_2023-1.webp 1080w, \/\/avcw.org\/wp-content\/uploads\/2023\/08\/invitations_2023-1-300x300.webp 300w, \/\/avcw.org\/wp-content\/uploads\/2023\/08\/invitations_2023-1-1024x1024.webp 1024w, \/\/avcw.org\/wp-content\/uploads\/2023\/08\/invitations_2023-1-150x150.webp 150w, \/\/avcw.org\/wp-content\/uploads\/2023\/08\/invitations_2023-1-768x768.webp 768w\" sizes=\"(max-width: 1080px) 100vw, 1080px\" \/>\t\t\t\t\t\t\t\t\t\t\t\t\t\t\t<\/div>\n\t\t\t\t<\/div>\n\t\t\t\t<\/div>\n\t\t\t\t\t<\/div>\n\t\t\t\t<\/div>\n\t\t<div class=\"elementor-element elementor-element-c0b0453 e-flex e-con-boxed e-con e-parent\" data-id=\"c0b0453\" data-element_type=\"container\" data-e-type=\"container\">\n\t\t\t\t\t<div class=\"e-con-inner\">\n\t\t<div class=\"elementor-element elementor-element-3645f42 e-con-full e-flex e-con e-child\" data-id=\"3645f42\" data-element_type=\"container\" data-e-type=\"container\">\n\t\t\t\t<div class=\"elementor-element elementor-element-2d4dafa elementor-widget elementor-widget-heading\" data-id=\"2d4dafa\" data-element_type=\"widget\" data-e-type=\"widget\" data-widget_type=\"heading.default\">\n\t\t\t\t<div class=\"elementor-widget-container\">\n\t\t\t\t\t<h1 class=\"elementor-heading-title elementor-size-default\">qui sommes-nous<\/h1>\t\t\t\t<\/div>\n\t\t\t\t<\/div>\n\t\t\t\t<div class=\"elementor-element elementor-element-07dbc17 elementor-widget-divider--view-line elementor-widget elementor-widget-divider\" data-id=\"07dbc17\" data-element_type=\"widget\" data-e-type=\"widget\" data-widget_type=\"divider.default\">\n\t\t\t\t<div class=\"elementor-widget-container\">\n\t\t\t\t\t\t\t<div class=\"elementor-divider\">\n\t\t\t<span class=\"elementor-divider-separator\">\n\t\t\t\t\t\t<\/span>\n\t\t<\/div>\n\t\t\t\t\t\t<\/div>\n\t\t\t\t<\/div>\n\t\t\t\t<div class=\"elementor-element elementor-element-8110258 elementor-widget elementor-widget-text-editor\" data-id=\"8110258\" data-element_type=\"widget\" data-e-type=\"widget\" data-widget_type=\"text-editor.default\">\n\t\t\t\t<div class=\"elementor-widget-container\">\n\t\t\t\t\t\t\t\t\t<p style=\"text-align: left;\">Nous sommes un groupe de victimes, de proches de victimes et de survivants des crimes contre l&rsquo;humanit\u00e9 commis par le r\u00e9gime de Bachar el-Assad \u00e0 l&rsquo;encontre de civils sans d\u00e9fense, utilisant des armes chimiques comme moyens de g\u00e9nocide<br \/>Apr\u00e8s des mois d&rsquo;efforts depuis notre premi\u00e8re r\u00e9union en octobre 2020, nous avons cr\u00e9\u00e9 cette association, impliquant un grand nombre de discussions et de r\u00e9unions jusqu&rsquo;\u00e0 ce que l&rsquo;id\u00e9e et les objectifs de l&rsquo;association prennent leur forme finale.<\/p>\t\t\t\t\t\t\t\t<\/div>\n\t\t\t\t<\/div>\n\t\t\t\t<\/div>\n\t\t<div class=\"elementor-element elementor-element-d411093 e-con-full e-flex e-con e-child\" data-id=\"d411093\" data-element_type=\"container\" data-e-type=\"container\">\n\t\t\t\t<div class=\"elementor-element elementor-element-1355bb3 elementor-widget elementor-widget-image\" data-id=\"1355bb3\" data-element_type=\"widget\" data-e-type=\"widget\" data-widget_type=\"image.default\">\n\t\t\t\t<div class=\"elementor-widget-container\">\n\t\t\t\t\t\t\t\t\t\t\t\t\t\t\t<img decoding=\"async\" width=\"1176\" height=\"1667\" src=\"https:\/\/avcw.org\/wp-content\/uploads\/2023\/08\/Main_Logo.webp\" class=\"attachment-full size-full wp-image-2287\" alt=\"\" srcset=\"\/\/avcw.org\/wp-content\/uploads\/2023\/08\/Main_Logo.webp 1176w, \/\/avcw.org\/wp-content\/uploads\/2023\/08\/Main_Logo-212x300.webp 212w, \/\/avcw.org\/wp-content\/uploads\/2023\/08\/Main_Logo-722x1024.webp 722w, \/\/avcw.org\/wp-content\/uploads\/2023\/08\/Main_Logo-768x1089.webp 768w, \/\/avcw.org\/wp-content\/uploads\/2023\/08\/Main_Logo-1084x1536.webp 1084w\" sizes=\"(max-width: 1176px) 100vw, 1176px\" \/>\t\t\t\t\t\t\t\t\t\t\t\t\t\t\t<\/div>\n\t\t\t\t<\/div>\n\t\t\t\t<\/div>\n\t\t\t\t\t<\/div>\n\t\t\t\t<\/div>\n\t\t<div class=\"elementor-element elementor-element-7d212bf e-flex e-con-boxed e-con e-parent\" data-id=\"7d212bf\" data-element_type=\"container\" data-e-type=\"container\">\n\t\t\t\t\t<div class=\"e-con-inner\">\n\t\t\t\t\t<\/div>\n\t\t\t\t<\/div>\n\t\t\t\t<\/div>\n\t\t","protected":false},"excerpt":{"rendered":"<p>Le monde a travers\u00e9 des milliers de guerres et de conflits. Les s\u00e9quelles de la plupart d&rsquo;entre elles ont disparu, tandis que certaines laissent encore une empreinte dans la m\u00e9moire de millions de personnes. Pour ceux qui ont oubli\u00e9, la m\u00e9moire des atrocit\u00e9s du r\u00e9gime criminel d&rsquo;Assad a \u00e9t\u00e9 raviv\u00e9e lorsqu&rsquo;il a r\u00e9p\u00e9t\u00e9 le drame [&hellip;]<\/p>\n","protected":false},"author":1,"featured_media":0,"parent":0,"menu_order":0,"comment_status":"closed","ping_status":"closed","template":"","meta":{"footnotes":""},"class_list":["post-2196","page","type-page","status-publish","hentry"],"yoast_head":"<!-- This site is optimized with the Yoast SEO plugin v27.3 - https:\/\/yoast.com\/product\/yoast-seo-wordpress\/ -->\n<title>Accueil - Association of Victims of Chemical Weapons<\/title>\n<meta name=\"robots\" content=\"index, follow, max-snippet:-1, max-image-preview:large, max-video-preview:-1\" \/>\n<link rel=\"canonical\" href=\"https:\/\/avcw.org\/\" \/>\n<meta property=\"og:locale\" content=\"fr_FR\" \/>\n<meta property=\"og:type\" content=\"article\" \/>\n<meta property=\"og:title\" content=\"Accueil - Association of Victims of Chemical Weapons\" \/>\n<meta property=\"og:description\" content=\"Le monde a travers\u00e9 des milliers de guerres et de conflits. Les s\u00e9quelles de la plupart d&rsquo;entre elles ont disparu, tandis que certaines laissent encore une empreinte dans la m\u00e9moire de millions de personnes. Pour ceux qui ont oubli\u00e9, la m\u00e9moire des atrocit\u00e9s du r\u00e9gime criminel d&rsquo;Assad a \u00e9t\u00e9 raviv\u00e9e lorsqu&rsquo;il a r\u00e9p\u00e9t\u00e9 le drame [&hellip;]\" \/>\n<meta property=\"og:url\" content=\"https:\/\/avcw.org\/\" \/>\n<meta property=\"og:site_name\" content=\"Association of Victims of Chemical Weapons\" \/>\n<meta property=\"article:publisher\" content=\"https:\/\/www.facebook.com\/AVCW.NGO\/\" \/>\n<meta property=\"article:modified_time\" content=\"2024-03-05T17:58:55+00:00\" \/>\n<meta property=\"og:image\" content=\"https:\/\/avcw.org\/wp-content\/uploads\/2023\/08\/main-banner-img.jpeg\" \/>\n<meta name=\"twitter:card\" content=\"summary_large_image\" \/>\n<meta name=\"twitter:site\" content=\"@avcw_org\" \/>\n<meta name=\"twitter:label1\" content=\"Dur\u00e9e de lecture estim\u00e9e\" \/>\n\t<meta name=\"twitter:data1\" content=\"2 minutes\" \/>\n<script type=\"application\/ld+json\" class=\"yoast-schema-graph\">{\"@context\":\"https:\\\/\\\/schema.org\",\"@graph\":[{\"@type\":\"WebPage\",\"@id\":\"https:\\\/\\\/avcw.org\\\/\",\"url\":\"https:\\\/\\\/avcw.org\\\/\",\"name\":\"Accueil - Association of Victims of Chemical Weapons\",\"isPartOf\":{\"@id\":\"https:\\\/\\\/avcw.org\\\/#website\"},\"primaryImageOfPage\":{\"@id\":\"https:\\\/\\\/avcw.org\\\/#primaryimage\"},\"image\":{\"@id\":\"https:\\\/\\\/avcw.org\\\/#primaryimage\"},\"thumbnailUrl\":\"https:\\\/\\\/avcw.org\\\/wp-content\\\/uploads\\\/2023\\\/08\\\/main-banner-img.jpeg\",\"datePublished\":\"2023-08-01T13:09:38+00:00\",\"dateModified\":\"2024-03-05T17:58:55+00:00\",\"breadcrumb\":{\"@id\":\"https:\\\/\\\/avcw.org\\\/#breadcrumb\"},\"inLanguage\":\"fr-FR\",\"potentialAction\":[{\"@type\":\"ReadAction\",\"target\":[\"https:\\\/\\\/avcw.org\\\/\"]}]},{\"@type\":\"ImageObject\",\"inLanguage\":\"fr-FR\",\"@id\":\"https:\\\/\\\/avcw.org\\\/#primaryimage\",\"url\":\"https:\\\/\\\/avcw.org\\\/wp-content\\\/uploads\\\/2023\\\/08\\\/main-banner-img.jpeg\",\"contentUrl\":\"https:\\\/\\\/avcw.org\\\/wp-content\\\/uploads\\\/2023\\\/08\\\/main-banner-img.jpeg\"},{\"@type\":\"BreadcrumbList\",\"@id\":\"https:\\\/\\\/avcw.org\\\/#breadcrumb\",\"itemListElement\":[{\"@type\":\"ListItem\",\"position\":1,\"name\":\"Home\",\"item\":\"https:\\\/\\\/avcw.org\\\/\"},{\"@type\":\"ListItem\",\"position\":2,\"name\":\"Accueil\"}]},{\"@type\":\"WebSite\",\"@id\":\"https:\\\/\\\/avcw.org\\\/#website\",\"url\":\"https:\\\/\\\/avcw.org\\\/\",\"name\":\"Association of Victims of Chemical Weapons\",\"description\":\"\",\"publisher\":{\"@id\":\"https:\\\/\\\/avcw.org\\\/#organization\"},\"potentialAction\":[{\"@type\":\"SearchAction\",\"target\":{\"@type\":\"EntryPoint\",\"urlTemplate\":\"https:\\\/\\\/avcw.org\\\/?s={search_term_string}\"},\"query-input\":{\"@type\":\"PropertyValueSpecification\",\"valueRequired\":true,\"valueName\":\"search_term_string\"}}],\"inLanguage\":\"fr-FR\"},{\"@type\":\"Organization\",\"@id\":\"https:\\\/\\\/avcw.org\\\/#organization\",\"name\":\"Association of Victims of Chemical Weapons\",\"url\":\"https:\\\/\\\/avcw.org\\\/\",\"logo\":{\"@type\":\"ImageObject\",\"inLanguage\":\"fr-FR\",\"@id\":\"https:\\\/\\\/avcw.org\\\/#\\\/schema\\\/logo\\\/image\\\/\",\"url\":\"https:\\\/\\\/avcw.org\\\/wp-content\\\/uploads\\\/2023\\\/07\\\/cropped-signal-2023-07-03-144739_002.jpg\",\"contentUrl\":\"https:\\\/\\\/avcw.org\\\/wp-content\\\/uploads\\\/2023\\\/07\\\/cropped-signal-2023-07-03-144739_002.jpg\",\"width\":512,\"height\":512,\"caption\":\"Association of Victims of Chemical Weapons\"},\"image\":{\"@id\":\"https:\\\/\\\/avcw.org\\\/#\\\/schema\\\/logo\\\/image\\\/\"},\"sameAs\":[\"https:\\\/\\\/www.facebook.com\\\/AVCW.NGO\\\/\",\"https:\\\/\\\/x.com\\\/avcw_org\",\"https:\\\/\\\/www.youtube.com\\\/@avcw2013\",\"https:\\\/\\\/www.instagram.com\\\/avcw_org\\\/\"]}]}<\/script>\n<!-- \/ Yoast SEO plugin. -->","yoast_head_json":{"title":"Accueil - Association of Victims of Chemical Weapons","robots":{"index":"index","follow":"follow","max-snippet":"max-snippet:-1","max-image-preview":"max-image-preview:large","max-video-preview":"max-video-preview:-1"},"canonical":"https:\/\/avcw.org\/","og_locale":"fr_FR","og_type":"article","og_title":"Accueil - Association of Victims of Chemical Weapons","og_description":"Le monde a travers\u00e9 des milliers de guerres et de conflits. Les s\u00e9quelles de la plupart d&rsquo;entre elles ont disparu, tandis que certaines laissent encore une empreinte dans la m\u00e9moire de millions de personnes. Pour ceux qui ont oubli\u00e9, la m\u00e9moire des atrocit\u00e9s du r\u00e9gime criminel d&rsquo;Assad a \u00e9t\u00e9 raviv\u00e9e lorsqu&rsquo;il a r\u00e9p\u00e9t\u00e9 le drame [&hellip;]","og_url":"https:\/\/avcw.org\/","og_site_name":"Association of Victims of Chemical Weapons","article_publisher":"https:\/\/www.facebook.com\/AVCW.NGO\/","article_modified_time":"2024-03-05T17:58:55+00:00","og_image":[{"url":"https:\/\/avcw.org\/wp-content\/uploads\/2023\/08\/main-banner-img.jpeg","type":"","width":"","height":""}],"twitter_card":"summary_large_image","twitter_site":"@avcw_org","twitter_misc":{"Dur\u00e9e de lecture estim\u00e9e":"2 minutes"},"schema":{"@context":"https:\/\/schema.org","@graph":[{"@type":"WebPage","@id":"https:\/\/avcw.org\/","url":"https:\/\/avcw.org\/","name":"Accueil - Association of Victims of Chemical Weapons","isPartOf":{"@id":"https:\/\/avcw.org\/#website"},"primaryImageOfPage":{"@id":"https:\/\/avcw.org\/#primaryimage"},"image":{"@id":"https:\/\/avcw.org\/#primaryimage"},"thumbnailUrl":"https:\/\/avcw.org\/wp-content\/uploads\/2023\/08\/main-banner-img.jpeg","datePublished":"2023-08-01T13:09:38+00:00","dateModified":"2024-03-05T17:58:55+00:00","breadcrumb":{"@id":"https:\/\/avcw.org\/#breadcrumb"},"inLanguage":"fr-FR","potentialAction":[{"@type":"ReadAction","target":["https:\/\/avcw.org\/"]}]},{"@type":"ImageObject","inLanguage":"fr-FR","@id":"https:\/\/avcw.org\/#primaryimage","url":"https:\/\/avcw.org\/wp-content\/uploads\/2023\/08\/main-banner-img.jpeg","contentUrl":"https:\/\/avcw.org\/wp-content\/uploads\/2023\/08\/main-banner-img.jpeg"},{"@type":"BreadcrumbList","@id":"https:\/\/avcw.org\/#breadcrumb","itemListElement":[{"@type":"ListItem","position":1,"name":"Home","item":"https:\/\/avcw.org\/"},{"@type":"ListItem","position":2,"name":"Accueil"}]},{"@type":"WebSite","@id":"https:\/\/avcw.org\/#website","url":"https:\/\/avcw.org\/","name":"Association of Victims of Chemical Weapons","description":"","publisher":{"@id":"https:\/\/avcw.org\/#organization"},"potentialAction":[{"@type":"SearchAction","target":{"@type":"EntryPoint","urlTemplate":"https:\/\/avcw.org\/?s={search_term_string}"},"query-input":{"@type":"PropertyValueSpecification","valueRequired":true,"valueName":"search_term_string"}}],"inLanguage":"fr-FR"},{"@type":"Organization","@id":"https:\/\/avcw.org\/#organization","name":"Association of Victims of Chemical Weapons","url":"https:\/\/avcw.org\/","logo":{"@type":"ImageObject","inLanguage":"fr-FR","@id":"https:\/\/avcw.org\/#\/schema\/logo\/image\/","url":"https:\/\/avcw.org\/wp-content\/uploads\/2023\/07\/cropped-signal-2023-07-03-144739_002.jpg","contentUrl":"https:\/\/avcw.org\/wp-content\/uploads\/2023\/07\/cropped-signal-2023-07-03-144739_002.jpg","width":512,"height":512,"caption":"Association of Victims of Chemical Weapons"},"image":{"@id":"https:\/\/avcw.org\/#\/schema\/logo\/image\/"},"sameAs":["https:\/\/www.facebook.com\/AVCW.NGO\/","https:\/\/x.com\/avcw_org","https:\/\/www.youtube.com\/@avcw2013","https:\/\/www.instagram.com\/avcw_org\/"]}]}},"_links":{"self":[{"href":"https:\/\/avcw.org\/fr\/wp-json\/wp\/v2\/pages\/2196","targetHints":{"allow":["GET"]}}],"collection":[{"href":"https:\/\/avcw.org\/fr\/wp-json\/wp\/v2\/pages"}],"about":[{"href":"https:\/\/avcw.org\/fr\/wp-json\/wp\/v2\/types\/page"}],"author":[{"embeddable":true,"href":"https:\/\/avcw.org\/fr\/wp-json\/wp\/v2\/users\/1"}],"replies":[{"embeddable":true,"href":"https:\/\/avcw.org\/fr\/wp-json\/wp\/v2\/comments?post=2196"}],"version-history":[{"count":25,"href":"https:\/\/avcw.org\/fr\/wp-json\/wp\/v2\/pages\/2196\/revisions"}],"predecessor-version":[{"id":2229,"href":"https:\/\/avcw.org\/fr\/wp-json\/wp\/v2\/pages\/2196\/revisions\/2229"}],"wp:attachment":[{"href":"https:\/\/avcw.org\/fr\/wp-json\/wp\/v2\/media?parent=2196"}],"curies":[{"name":"wp","href":"https:\/\/api.w.org\/{rel}","templated":true}]}}