{"id":2295,"date":"2023-08-01T13:07:37","date_gmt":"2023-08-01T13:07:37","guid":{"rendered":"https:\/\/avcw.org\/qui-sommes-nous\/"},"modified":"2024-03-05T20:55:28","modified_gmt":"2024-03-05T20:55:28","slug":"qui-sommes-nous","status":"publish","type":"page","link":"https:\/\/avcw.org\/fr\/qui-sommes-nous\/","title":{"rendered":"Qui sommes-nous ?"},"content":{"rendered":"\t\t<div data-elementor-type=\"wp-page\" data-elementor-id=\"2295\" class=\"elementor elementor-2295 elementor-22\" data-elementor-post-type=\"page\">\n\t\t\t\t<div class=\"elementor-element elementor-element-3aead9a elementor-hidden-desktop elementor-hidden-tablet elementor-hidden-mobile e-flex e-con-boxed e-con e-parent\" data-id=\"3aead9a\" data-element_type=\"container\" data-e-type=\"container\">\n\t\t\t\t\t<div class=\"e-con-inner\">\n\t\t<div class=\"elementor-element elementor-element-4511144 e-flex e-con-boxed e-con e-child\" data-id=\"4511144\" data-element_type=\"container\" data-e-type=\"container\">\n\t\t\t\t\t<div class=\"e-con-inner\">\n\t\t\t\t<div class=\"elementor-element elementor-element-4ea17df elementor-widget elementor-widget-image\" data-id=\"4ea17df\" data-element_type=\"widget\" data-e-type=\"widget\" data-widget_type=\"image.default\">\n\t\t\t\t<div class=\"elementor-widget-container\">\n\t\t\t\t\t\t\t\t\t\t\t\t\t\t\t<img fetchpriority=\"high\" decoding=\"async\" width=\"1500\" height=\"450\" src=\"https:\/\/avcw.org\/wp-content\/uploads\/2023\/08\/Banner-about-us.webp\" class=\"attachment-full size-full wp-image-2197\" alt=\"\" srcset=\"\/\/avcw.org\/wp-content\/uploads\/2023\/08\/Banner-about-us.webp 1500w, \/\/avcw.org\/wp-content\/uploads\/2023\/08\/Banner-about-us-300x90.webp 300w, \/\/avcw.org\/wp-content\/uploads\/2023\/08\/Banner-about-us-1024x307.webp 1024w, \/\/avcw.org\/wp-content\/uploads\/2023\/08\/Banner-about-us-768x230.webp 768w\" sizes=\"(max-width: 1500px) 100vw, 1500px\" \/>\t\t\t\t\t\t\t\t\t\t\t\t\t\t\t<\/div>\n\t\t\t\t<\/div>\n\t\t\t\t\t<\/div>\n\t\t\t\t<\/div>\n\t\t\t\t\t<\/div>\n\t\t\t\t<\/div>\n\t\t<div class=\"elementor-element elementor-element-71d704e e-flex e-con-boxed e-con e-parent\" data-id=\"71d704e\" data-element_type=\"container\" data-e-type=\"container\">\n\t\t\t\t\t<div class=\"e-con-inner\">\n\t\t\t\t<div class=\"elementor-element elementor-element-bf76d3b elementor-widget elementor-widget-heading\" data-id=\"bf76d3b\" data-element_type=\"widget\" data-e-type=\"widget\" data-widget_type=\"heading.default\">\n\t\t\t\t<div class=\"elementor-widget-container\">\n\t\t\t\t\t<h2 class=\"elementor-heading-title elementor-size-default\">Association des Victimes d'Armes Chimiques (AVCW) <br>\nAssociation des Victimes d'Armes Chimiques(AVCW)\n<\/h2>\t\t\t\t<\/div>\n\t\t\t\t<\/div>\n\t\t\t\t\t<\/div>\n\t\t\t\t<\/div>\n\t\t<div class=\"elementor-element elementor-element-c22da11 e-flex e-con-boxed e-con e-parent\" data-id=\"c22da11\" data-element_type=\"container\" data-e-type=\"container\">\n\t\t\t\t\t<div class=\"e-con-inner\">\n\t\t<div class=\"elementor-element elementor-element-d6a57b8 e-flex e-con-boxed e-con e-child\" data-id=\"d6a57b8\" data-element_type=\"container\" data-e-type=\"container\">\n\t\t\t\t\t<div class=\"e-con-inner\">\n\t\t\t\t<div class=\"elementor-element elementor-element-7010db8 elementor-widget elementor-widget-heading\" data-id=\"7010db8\" data-element_type=\"widget\" data-e-type=\"widget\" data-widget_type=\"heading.default\">\n\t\t\t\t<div class=\"elementor-widget-container\">\n\t\t\t\t\t<h2 class=\"elementor-heading-title elementor-size-default\">Qui sommes-nous ?<\/h2>\t\t\t\t<\/div>\n\t\t\t\t<\/div>\n\t\t\t\t<div class=\"elementor-element elementor-element-6969450 elementor-widget-divider--view-line elementor-widget elementor-widget-divider\" data-id=\"6969450\" data-element_type=\"widget\" data-e-type=\"widget\" data-widget_type=\"divider.default\">\n\t\t\t\t<div class=\"elementor-widget-container\">\n\t\t\t\t\t\t\t<div class=\"elementor-divider\">\n\t\t\t<span class=\"elementor-divider-separator\">\n\t\t\t\t\t\t<\/span>\n\t\t<\/div>\n\t\t\t\t\t\t<\/div>\n\t\t\t\t<\/div>\n\t\t\t\t<div class=\"elementor-element elementor-element-8be3987 elementor-widget elementor-widget-text-editor\" data-id=\"8be3987\" data-element_type=\"widget\" data-e-type=\"widget\" data-widget_type=\"text-editor.default\">\n\t\t\t\t<div class=\"elementor-widget-container\">\n\t\t\t\t\t\t\t\t\t<p style=\"text-align: left;\">Nous sommes un groupe de victimes, de proches de victimes et de survivants des crimes contre l&rsquo;humanit\u00e9 commis par le r\u00e9gime de Bachar el-Assad \u00e0 l&rsquo;encontre de civils sans d\u00e9fense, utilisant des armes chimiques comme moyens de g\u00e9nocide.<br>Apr\u00e8s des mois d&rsquo;efforts depuis notre premi\u00e8re r\u00e9union en octobre 2020, nous avons cr\u00e9\u00e9 cette association, incluant un grand nombre de discussions et de r\u00e9unions jusqu&rsquo;\u00e0 ce que l&rsquo;id\u00e9e et les objectifs de l&rsquo;association prennent leur forme finale.<\/p>\t\t\t\t\t\t\t\t<\/div>\n\t\t\t\t<\/div>\n\t\t\t\t<div class=\"elementor-element elementor-element-a433ab8 elementor-widget elementor-widget-heading\" data-id=\"a433ab8\" data-element_type=\"widget\" data-e-type=\"widget\" data-widget_type=\"heading.default\">\n\t\t\t\t<div class=\"elementor-widget-container\">\n\t\t\t\t\t<h2 class=\"elementor-heading-title elementor-size-default\">Notre vision :<\/h2>\t\t\t\t<\/div>\n\t\t\t\t<\/div>\n\t\t\t\t<div class=\"elementor-element elementor-element-f01d2c0 elementor-widget-divider--view-line elementor-widget elementor-widget-divider\" data-id=\"f01d2c0\" data-element_type=\"widget\" data-e-type=\"widget\" data-widget_type=\"divider.default\">\n\t\t\t\t<div class=\"elementor-widget-container\">\n\t\t\t\t\t\t\t<div class=\"elementor-divider\">\n\t\t\t<span class=\"elementor-divider-separator\">\n\t\t\t\t\t\t<\/span>\n\t\t<\/div>\n\t\t\t\t\t\t<\/div>\n\t\t\t\t<\/div>\n\t\t\t\t<div class=\"elementor-element elementor-element-61d8d68 elementor-widget elementor-widget-text-editor\" data-id=\"61d8d68\" data-element_type=\"widget\" data-e-type=\"widget\" data-widget_type=\"text-editor.default\">\n\t\t\t\t<div class=\"elementor-widget-container\">\n\t\t\t\t\t\t\t\t\t<p style=\"text-align: left;\">Participer \u00e0 la construction et \u00e0 la protection d&rsquo;une justice durable en Syrie, fond\u00e9e sur la primaut\u00e9 du droit, la citoyennet\u00e9, l&rsquo;\u00e9galit\u00e9 et les droits de l&rsquo;Homme. Cette d\u00e9marche implique l&rsquo;inclusion des victimes et de leurs familles en mettant en lumi\u00e8re leur trag\u00e9die et en travaillant activement \u00e0 emp\u00eacher les criminels d&rsquo;\u00e9chapper \u00e0 la punition.<\/p>\t\t\t\t\t\t\t\t<\/div>\n\t\t\t\t<\/div>\n\t\t\t\t<div class=\"elementor-element elementor-element-869df05 elementor-widget elementor-widget-heading\" data-id=\"869df05\" data-element_type=\"widget\" data-e-type=\"widget\" data-widget_type=\"heading.default\">\n\t\t\t\t<div class=\"elementor-widget-container\">\n\t\t\t\t\t<h2 class=\"elementor-heading-title elementor-size-default\">Nos buts :<\/h2>\t\t\t\t<\/div>\n\t\t\t\t<\/div>\n\t\t\t\t<div class=\"elementor-element elementor-element-e912831 elementor-widget-divider--view-line elementor-widget elementor-widget-divider\" data-id=\"e912831\" data-element_type=\"widget\" data-e-type=\"widget\" data-widget_type=\"divider.default\">\n\t\t\t\t<div class=\"elementor-widget-container\">\n\t\t\t\t\t\t\t<div class=\"elementor-divider\">\n\t\t\t<span class=\"elementor-divider-separator\">\n\t\t\t\t\t\t<\/span>\n\t\t<\/div>\n\t\t\t\t\t\t<\/div>\n\t\t\t\t<\/div>\n\t\t\t\t<div class=\"elementor-element elementor-element-f584b97 elementor-widget elementor-widget-text-editor\" data-id=\"f584b97\" data-element_type=\"widget\" data-e-type=\"widget\" data-widget_type=\"text-editor.default\">\n\t\t\t\t<div class=\"elementor-widget-container\">\n\t\t\t\t\t\t\t\t\t<ol><li style=\"text-align: left;\">S&rsquo;engager activement \u00e0 tenir responsables et condamner tous ceux qui sont impliqu\u00e9s dans l&rsquo;utilisation d&rsquo;armes chimiques en Syrie, ainsi que ceux qui sont responsables de la falsification des faits et des preuves dans le but d&rsquo;impunit\u00e9.<\/li><li style=\"text-align: left;\">Participer aux enqu\u00eates et aux travaux de documentation concernant l&rsquo;usage des armes chimiques, tout en sensibilisant le monde aux crimes chimiques commis par le r\u00e9gime d&rsquo;Assad.<\/li><li style=\"text-align: left;\">Assurer l&rsquo;int\u00e9grit\u00e9 des droits de toutes les victimes et des survivants, tout en pr\u00e9servant leur m\u00e9moire.<\/li><li style=\"text-align: left;\">Collaborer activement aux actions et aux initiatives visant \u00e0 interdire mondialement l&rsquo;utilisation des armes chimiques.<\/li><\/ol>\t\t\t\t\t\t\t\t<\/div>\n\t\t\t\t<\/div>\n\t\t\t\t\t<\/div>\n\t\t\t\t<\/div>\n\t\t\t\t\t<\/div>\n\t\t\t\t<\/div>\n\t\t\t\t<\/div>\n\t\t","protected":false},"excerpt":{"rendered":"<p>Association des Victimes d&rsquo;Armes Chimiques (AVCW) Association des Victimes d&rsquo;Armes Chimiques(AVCW) Qui sommes-nous ? Nous sommes un groupe de victimes, de proches de victimes et de survivants des crimes contre l&rsquo;humanit\u00e9 commis par le r\u00e9gime de Bachar el-Assad \u00e0 l&rsquo;encontre de civils sans d\u00e9fense, utilisant des armes chimiques comme moyens de g\u00e9nocide.Apr\u00e8s des mois d&rsquo;efforts [&hellip;]<\/p>\n","protected":false},"author":1,"featured_media":0,"parent":0,"menu_order":0,"comment_status":"closed","ping_status":"closed","template":"","meta":{"footnotes":""},"class_list":["post-2295","page","type-page","status-publish","hentry"],"yoast_head":"<!-- This site is optimized with the Yoast SEO plugin v27.4 - https:\/\/yoast.com\/product\/yoast-seo-wordpress\/ -->\n<title>Qui sommes-nous ? - Association of Victims of Chemical Weapons<\/title>\n<meta name=\"robots\" content=\"index, follow, max-snippet:-1, max-image-preview:large, max-video-preview:-1\" \/>\n<link rel=\"canonical\" href=\"https:\/\/avcw.org\/fr\/qui-sommes-nous\/\" \/>\n<meta property=\"og:locale\" content=\"fr_FR\" \/>\n<meta property=\"og:type\" content=\"article\" \/>\n<meta property=\"og:title\" content=\"Qui sommes-nous ? - Association of Victims of Chemical Weapons\" \/>\n<meta property=\"og:description\" content=\"Association des Victimes d&rsquo;Armes Chimiques (AVCW) Association des Victimes d&rsquo;Armes Chimiques(AVCW) Qui sommes-nous ? Nous sommes un groupe de victimes, de proches de victimes et de survivants des crimes contre l&rsquo;humanit\u00e9 commis par le r\u00e9gime de Bachar el-Assad \u00e0 l&rsquo;encontre de civils sans d\u00e9fense, utilisant des armes chimiques comme moyens de g\u00e9nocide.Apr\u00e8s des mois d&rsquo;efforts [&hellip;]\" \/>\n<meta property=\"og:url\" content=\"https:\/\/avcw.org\/fr\/qui-sommes-nous\/\" \/>\n<meta property=\"og:site_name\" content=\"Association of Victims of Chemical Weapons\" \/>\n<meta property=\"article:publisher\" content=\"https:\/\/www.facebook.com\/AVCW.NGO\/\" \/>\n<meta property=\"article:modified_time\" content=\"2024-03-05T20:55:28+00:00\" \/>\n<meta property=\"og:image\" content=\"https:\/\/avcw.org\/wp-content\/uploads\/2023\/08\/Banner-about-us.webp\" \/>\n<meta name=\"twitter:card\" content=\"summary_large_image\" \/>\n<meta name=\"twitter:site\" content=\"@avcw_org\" \/>\n<meta name=\"twitter:label1\" content=\"Dur\u00e9e de lecture estim\u00e9e\" \/>\n\t<meta name=\"twitter:data1\" content=\"2 minutes\" \/>\n<script type=\"application\/ld+json\" class=\"yoast-schema-graph\">{\"@context\":\"https:\\\/\\\/schema.org\",\"@graph\":[{\"@type\":\"WebPage\",\"@id\":\"https:\\\/\\\/avcw.org\\\/fr\\\/qui-sommes-nous\\\/\",\"url\":\"https:\\\/\\\/avcw.org\\\/fr\\\/qui-sommes-nous\\\/\",\"name\":\"Qui sommes-nous ? - Association of Victims of Chemical Weapons\",\"isPartOf\":{\"@id\":\"https:\\\/\\\/avcw.org\\\/#website\"},\"primaryImageOfPage\":{\"@id\":\"https:\\\/\\\/avcw.org\\\/fr\\\/qui-sommes-nous\\\/#primaryimage\"},\"image\":{\"@id\":\"https:\\\/\\\/avcw.org\\\/fr\\\/qui-sommes-nous\\\/#primaryimage\"},\"thumbnailUrl\":\"https:\\\/\\\/avcw.org\\\/wp-content\\\/uploads\\\/2023\\\/08\\\/Banner-about-us.webp\",\"datePublished\":\"2023-08-01T13:07:37+00:00\",\"dateModified\":\"2024-03-05T20:55:28+00:00\",\"breadcrumb\":{\"@id\":\"https:\\\/\\\/avcw.org\\\/fr\\\/qui-sommes-nous\\\/#breadcrumb\"},\"inLanguage\":\"fr-FR\",\"potentialAction\":[{\"@type\":\"ReadAction\",\"target\":[\"https:\\\/\\\/avcw.org\\\/fr\\\/qui-sommes-nous\\\/\"]}]},{\"@type\":\"ImageObject\",\"inLanguage\":\"fr-FR\",\"@id\":\"https:\\\/\\\/avcw.org\\\/fr\\\/qui-sommes-nous\\\/#primaryimage\",\"url\":\"https:\\\/\\\/avcw.org\\\/wp-content\\\/uploads\\\/2023\\\/08\\\/Banner-about-us.webp\",\"contentUrl\":\"https:\\\/\\\/avcw.org\\\/wp-content\\\/uploads\\\/2023\\\/08\\\/Banner-about-us.webp\"},{\"@type\":\"BreadcrumbList\",\"@id\":\"https:\\\/\\\/avcw.org\\\/fr\\\/qui-sommes-nous\\\/#breadcrumb\",\"itemListElement\":[{\"@type\":\"ListItem\",\"position\":1,\"name\":\"Home\",\"item\":\"https:\\\/\\\/avcw.org\\\/\"},{\"@type\":\"ListItem\",\"position\":2,\"name\":\"Qui sommes-nous ?\"}]},{\"@type\":\"WebSite\",\"@id\":\"https:\\\/\\\/avcw.org\\\/#website\",\"url\":\"https:\\\/\\\/avcw.org\\\/\",\"name\":\"Association of Victims of Chemical Weapons\",\"description\":\"\",\"publisher\":{\"@id\":\"https:\\\/\\\/avcw.org\\\/#organization\"},\"potentialAction\":[{\"@type\":\"SearchAction\",\"target\":{\"@type\":\"EntryPoint\",\"urlTemplate\":\"https:\\\/\\\/avcw.org\\\/?s={search_term_string}\"},\"query-input\":{\"@type\":\"PropertyValueSpecification\",\"valueRequired\":true,\"valueName\":\"search_term_string\"}}],\"inLanguage\":\"fr-FR\"},{\"@type\":\"Organization\",\"@id\":\"https:\\\/\\\/avcw.org\\\/#organization\",\"name\":\"Association of Victims of Chemical Weapons\",\"url\":\"https:\\\/\\\/avcw.org\\\/\",\"logo\":{\"@type\":\"ImageObject\",\"inLanguage\":\"fr-FR\",\"@id\":\"https:\\\/\\\/avcw.org\\\/#\\\/schema\\\/logo\\\/image\\\/\",\"url\":\"https:\\\/\\\/avcw.org\\\/wp-content\\\/uploads\\\/2023\\\/07\\\/cropped-signal-2023-07-03-144739_002.jpg\",\"contentUrl\":\"https:\\\/\\\/avcw.org\\\/wp-content\\\/uploads\\\/2023\\\/07\\\/cropped-signal-2023-07-03-144739_002.jpg\",\"width\":512,\"height\":512,\"caption\":\"Association of Victims of Chemical Weapons\"},\"image\":{\"@id\":\"https:\\\/\\\/avcw.org\\\/#\\\/schema\\\/logo\\\/image\\\/\"},\"sameAs\":[\"https:\\\/\\\/www.facebook.com\\\/AVCW.NGO\\\/\",\"https:\\\/\\\/x.com\\\/avcw_org\",\"https:\\\/\\\/www.youtube.com\\\/@avcw2013\",\"https:\\\/\\\/www.instagram.com\\\/avcw_org\\\/\"]}]}<\/script>\n<!-- \/ Yoast SEO plugin. -->","yoast_head_json":{"title":"Qui sommes-nous ? - Association of Victims of Chemical Weapons","robots":{"index":"index","follow":"follow","max-snippet":"max-snippet:-1","max-image-preview":"max-image-preview:large","max-video-preview":"max-video-preview:-1"},"canonical":"https:\/\/avcw.org\/fr\/qui-sommes-nous\/","og_locale":"fr_FR","og_type":"article","og_title":"Qui sommes-nous ? - Association of Victims of Chemical Weapons","og_description":"Association des Victimes d&rsquo;Armes Chimiques (AVCW) Association des Victimes d&rsquo;Armes Chimiques(AVCW) Qui sommes-nous ? Nous sommes un groupe de victimes, de proches de victimes et de survivants des crimes contre l&rsquo;humanit\u00e9 commis par le r\u00e9gime de Bachar el-Assad \u00e0 l&rsquo;encontre de civils sans d\u00e9fense, utilisant des armes chimiques comme moyens de g\u00e9nocide.Apr\u00e8s des mois d&rsquo;efforts [&hellip;]","og_url":"https:\/\/avcw.org\/fr\/qui-sommes-nous\/","og_site_name":"Association of Victims of Chemical Weapons","article_publisher":"https:\/\/www.facebook.com\/AVCW.NGO\/","article_modified_time":"2024-03-05T20:55:28+00:00","og_image":[{"url":"https:\/\/avcw.org\/wp-content\/uploads\/2023\/08\/Banner-about-us.webp","type":"","width":"","height":""}],"twitter_card":"summary_large_image","twitter_site":"@avcw_org","twitter_misc":{"Dur\u00e9e de lecture estim\u00e9e":"2 minutes"},"schema":{"@context":"https:\/\/schema.org","@graph":[{"@type":"WebPage","@id":"https:\/\/avcw.org\/fr\/qui-sommes-nous\/","url":"https:\/\/avcw.org\/fr\/qui-sommes-nous\/","name":"Qui sommes-nous ? - Association of Victims of Chemical Weapons","isPartOf":{"@id":"https:\/\/avcw.org\/#website"},"primaryImageOfPage":{"@id":"https:\/\/avcw.org\/fr\/qui-sommes-nous\/#primaryimage"},"image":{"@id":"https:\/\/avcw.org\/fr\/qui-sommes-nous\/#primaryimage"},"thumbnailUrl":"https:\/\/avcw.org\/wp-content\/uploads\/2023\/08\/Banner-about-us.webp","datePublished":"2023-08-01T13:07:37+00:00","dateModified":"2024-03-05T20:55:28+00:00","breadcrumb":{"@id":"https:\/\/avcw.org\/fr\/qui-sommes-nous\/#breadcrumb"},"inLanguage":"fr-FR","potentialAction":[{"@type":"ReadAction","target":["https:\/\/avcw.org\/fr\/qui-sommes-nous\/"]}]},{"@type":"ImageObject","inLanguage":"fr-FR","@id":"https:\/\/avcw.org\/fr\/qui-sommes-nous\/#primaryimage","url":"https:\/\/avcw.org\/wp-content\/uploads\/2023\/08\/Banner-about-us.webp","contentUrl":"https:\/\/avcw.org\/wp-content\/uploads\/2023\/08\/Banner-about-us.webp"},{"@type":"BreadcrumbList","@id":"https:\/\/avcw.org\/fr\/qui-sommes-nous\/#breadcrumb","itemListElement":[{"@type":"ListItem","position":1,"name":"Home","item":"https:\/\/avcw.org\/"},{"@type":"ListItem","position":2,"name":"Qui sommes-nous ?"}]},{"@type":"WebSite","@id":"https:\/\/avcw.org\/#website","url":"https:\/\/avcw.org\/","name":"Association of Victims of Chemical Weapons","description":"","publisher":{"@id":"https:\/\/avcw.org\/#organization"},"potentialAction":[{"@type":"SearchAction","target":{"@type":"EntryPoint","urlTemplate":"https:\/\/avcw.org\/?s={search_term_string}"},"query-input":{"@type":"PropertyValueSpecification","valueRequired":true,"valueName":"search_term_string"}}],"inLanguage":"fr-FR"},{"@type":"Organization","@id":"https:\/\/avcw.org\/#organization","name":"Association of Victims of Chemical Weapons","url":"https:\/\/avcw.org\/","logo":{"@type":"ImageObject","inLanguage":"fr-FR","@id":"https:\/\/avcw.org\/#\/schema\/logo\/image\/","url":"https:\/\/avcw.org\/wp-content\/uploads\/2023\/07\/cropped-signal-2023-07-03-144739_002.jpg","contentUrl":"https:\/\/avcw.org\/wp-content\/uploads\/2023\/07\/cropped-signal-2023-07-03-144739_002.jpg","width":512,"height":512,"caption":"Association of Victims of Chemical Weapons"},"image":{"@id":"https:\/\/avcw.org\/#\/schema\/logo\/image\/"},"sameAs":["https:\/\/www.facebook.com\/AVCW.NGO\/","https:\/\/x.com\/avcw_org","https:\/\/www.youtube.com\/@avcw2013","https:\/\/www.instagram.com\/avcw_org\/"]}]}},"_links":{"self":[{"href":"https:\/\/avcw.org\/fr\/wp-json\/wp\/v2\/pages\/2295","targetHints":{"allow":["GET"]}}],"collection":[{"href":"https:\/\/avcw.org\/fr\/wp-json\/wp\/v2\/pages"}],"about":[{"href":"https:\/\/avcw.org\/fr\/wp-json\/wp\/v2\/types\/page"}],"author":[{"embeddable":true,"href":"https:\/\/avcw.org\/fr\/wp-json\/wp\/v2\/users\/1"}],"replies":[{"embeddable":true,"href":"https:\/\/avcw.org\/fr\/wp-json\/wp\/v2\/comments?post=2295"}],"version-history":[{"count":4,"href":"https:\/\/avcw.org\/fr\/wp-json\/wp\/v2\/pages\/2295\/revisions"}],"predecessor-version":[{"id":2300,"href":"https:\/\/avcw.org\/fr\/wp-json\/wp\/v2\/pages\/2295\/revisions\/2300"}],"wp:attachment":[{"href":"https:\/\/avcw.org\/fr\/wp-json\/wp\/v2\/media?parent=2295"}],"curies":[{"name":"wp","href":"https:\/\/api.w.org\/{rel}","templated":true}]}}